{"id":1096,"date":"2026-01-26T10:27:59","date_gmt":"2026-01-26T10:27:59","guid":{"rendered":"https:\/\/casello-wood.ro\/?post_type=product&#038;p=1096"},"modified":"2026-01-26T10:36:07","modified_gmt":"2026-01-26T10:36:07","slug":"analo","status":"publish","type":"product","link":"https:\/\/casello-wood.ro\/en\/product\/analo\/","title":{"rendered":"Analog"},"content":{"rendered":"<p><strong>Analog Bisericesc din Lemn de Stejar Sculptat <\/strong><\/p>\n<p><strong>Cod produs:<\/strong> CW-STEJAR-001<\/p>\n<p><strong>Category:<\/strong> Mobilier bisericesc \/ Obiecte religioase<\/p>\n<p><strong>Descriere:<\/strong><br \/>\nAnalogul bisericesc din lemn de stejar sculptat este o pies\u0103 unic\u0103, realizat\u0103 prin <strong>tehnologie CNC de precizie<\/strong>, care permite reproducerea fidel\u0103 a motivelor tradi\u021bionale ortodoxe. Sculptura este apoi finisat\u0103 manual pentru a eviden\u021bia textura lemnului \u0219i detaliile fine, combin\u00e2nd tradi\u021bia cu tehnologia modern\u0103.<\/p>\n<p><strong>Material:<\/strong><\/p>\n<ul>\n<li>Lemn de stejar masiv, selec\u021bionat \u0219i uscat natural<\/li>\n<li>Finisaj: Vopsea speciala, pentru protec\u021bie \u0219i eviden\u021bierea fibrei lemnului<\/li>\n<\/ul>\n<p><strong>Dimensiuni standard:<\/strong><\/p>\n<ul>\n<li>\u00cen\u0103l\u021bime: 120 cm<\/li>\n<li>L\u0103\u021bime: 50 cm<\/li>\n<li>Depth: 60 cm<\/li>\n<\/ul>\n<p><em>(Dimensiuni personalizabile la cerere)<\/em><\/p>\n<p><strong>Weight:<\/strong> 9 kg<\/p>\n<p><strong>Design:<\/strong><\/p>\n<ul>\n<li>Motive tradi\u021bionale ortodoxe: cruci, frunze de acant, elemente florale \u0219i icoane<\/li>\n<li>Sculptur\u0103 realizat\u0103 cu ajutorul CNC pentru precizie maxim\u0103, finisat\u0103 manual<\/li>\n<li>Posibilitate personalizare cu simboluri religioase sau ini\u021biale<\/li>\n<li>Stil clasic, armonios cu arhitectura interioar\u0103 a bisericii<\/li>\n<\/ul>\n<p><strong>Color:<\/strong> Natur stejar, cu patin\u0103 op\u021bional\u0103 \u00een tonuri mai \u00eenchise<\/p>\n<p><strong>Utilizare:<\/strong><\/p>\n<ul>\n<li>Amplasare \u00een altar sau \u00een spa\u021bii dedicate icoanelor<\/li>\n<li>Sus\u021binerea sfintelor obiecte liturgice<\/li>\n<\/ul>\n<p><strong>Maintenance:<\/strong><\/p>\n<ul>\n<li>Cur\u0103\u021bare cu c\u00e2rp\u0103 uscat\u0103 sau u\u0219or umed\u0103<\/li>\n<\/ul>\n<p><strong>Durabilitate:<\/strong> 50\u2013100 ani<\/p>\n<p>&nbsp;<\/p>\n<p>&nbsp;<\/p>","protected":false},"excerpt":{"rendered":"<p>Produs la comanda.<\/p>","protected":false},"featured_media":1102,"template":"","meta":{"om_disable_all_campaigns":false,"_monsterinsights_skip_tracking":false,"_monsterinsights_sitenote_active":false,"_monsterinsights_sitenote_note":"","_monsterinsights_sitenote_category":0,"_uf_show_specific_survey":0,"_uf_disable_surveys":false,"site-sidebar-layout":"default","site-content-layout":"","ast-site-content-layout":"default","site-content-style":"default","site-sidebar-style":"default","ast-global-header-display":"","ast-banner-title-visibility":"","ast-main-header-display":"","ast-hfb-above-header-display":"","ast-hfb-below-header-display":"","ast-hfb-mobile-header-display":"","site-post-title":"","ast-breadcrumbs-content":"","ast-featured-img":"","footer-sml-layout":"","theme-transparent-header-meta":"default","adv-header-id-meta":"","stick-header-meta":"","header-above-stick-meta":"","header-main-stick-meta":"","header-below-stick-meta":"","astra-migrate-meta-layouts":"set","ast-page-background-enabled":"default","ast-page-background-meta":{"desktop":{"background-color":"var(--ast-global-color-4)","background-image":"","background-repeat":"repeat","background-position":"center center","background-size":"auto","background-attachment":"scroll","background-type":"","background-media":"","overlay-type":"","overlay-color":"","overlay-opacity":"","overlay-gradient":""},"tablet":{"background-color":"","background-image":"","background-repeat":"repeat","background-position":"center center","background-size":"auto","background-attachment":"scroll","background-type":"","background-media":"","overlay-type":"","overlay-color":"","overlay-opacity":"","overlay-gradient":""},"mobile":{"background-color":"","background-image":"","background-repeat":"repeat","background-position":"center center","background-size":"auto","background-attachment":"scroll","background-type":"","background-media":"","overlay-type":"","overlay-color":"","overlay-opacity":"","overlay-gradient":""}},"ast-content-background-meta":{"desktop":{"background-color":"var(--ast-global-color-5)","background-image":"","background-repeat":"repeat","background-position":"center center","background-size":"auto","background-attachment":"scroll","background-type":"","background-media":"","overlay-type":"","overlay-color":"","overlay-opacity":"","overlay-gradient":""},"tablet":{"background-color":"var(--ast-global-color-5)","background-image":"","background-repeat":"repeat","background-position":"center center","background-size":"auto","background-attachment":"scroll","background-type":"","background-media":"","overlay-type":"","overlay-color":"","overlay-opacity":"","overlay-gradient":""},"mobile":{"background-color":"var(--ast-global-color-5)","background-image":"","background-repeat":"repeat","background-position":"center center","background-size":"auto","background-attachment":"scroll","background-type":"","background-media":"","overlay-type":"","overlay-color":"","overlay-opacity":"","overlay-gradient":""}}},"product_cat":[39],"product_tag":[],"class_list":{"0":"post-1096","1":"product","2":"type-product","3":"status-publish","4":"has-post-thumbnail","6":"product_cat-mobilier-bisericesc","7":"desktop-align-left","8":"tablet-align-left","9":"mobile-align-left","11":"first","12":"instock","13":"shipping-taxable","14":"product-type-simple"},"aioseo_notices":[],"_links":{"self":[{"href":"https:\/\/casello-wood.ro\/en\/wp-json\/wp\/v2\/product\/1096","targetHints":{"allow":["GET"]}}],"collection":[{"href":"https:\/\/casello-wood.ro\/en\/wp-json\/wp\/v2\/product"}],"about":[{"href":"https:\/\/casello-wood.ro\/en\/wp-json\/wp\/v2\/types\/product"}],"wp:featuredmedia":[{"embeddable":true,"href":"https:\/\/casello-wood.ro\/en\/wp-json\/wp\/v2\/media\/1102"}],"wp:attachment":[{"href":"https:\/\/casello-wood.ro\/en\/wp-json\/wp\/v2\/media?parent=1096"}],"wp:term":[{"taxonomy":"product_cat","embeddable":true,"href":"https:\/\/casello-wood.ro\/en\/wp-json\/wp\/v2\/product_cat?post=1096"},{"taxonomy":"product_tag","embeddable":true,"href":"https:\/\/casello-wood.ro\/en\/wp-json\/wp\/v2\/product_tag?post=1096"}],"curies":[{"name":"wp","href":"https:\/\/api.w.org\/{rel}","templated":true}]}}