{"id":1083,"date":"2025-11-28T17:07:41","date_gmt":"2025-11-28T17:07:41","guid":{"rendered":"https:\/\/casello-wood.ro\/?post_type=product&#038;p=1083"},"modified":"2025-11-28T17:16:17","modified_gmt":"2025-11-28T17:16:17","slug":"scaun-dubai","status":"publish","type":"product","link":"https:\/\/casello-wood.ro\/en\/product\/scaun-dubai\/","title":{"rendered":"Scaun Dubai"},"content":{"rendered":"<p><strong>\u00a0\u00a0\u00a0\u00a0\u00a0\u00a0\u00a0\u00a0\u00a0\u00a0\u00a0\u00a0\u00a0\u00a0\u00a0\u00a0\u00a0\u00a0\u00a0\u00a0\u00a0\u00a0\u00a0\u00a0\u00a0\u00a0\u00a0\u00a0\u00a0\u00a0\u00a0\u00a0\u00a0\u00a0\u00a0\u00a0\u00a0\u00a0\u00a0\u00a0\u00a0\u00a0\u00a0\u00a0\u00a0\u00a0\u00a0\u00a0\u00a0\u00a0\u00a0\u00a0\u00a0\u00a0\u00a0\u00a0\u00a0\u00a0\u00a0\u00a0\u00a0\u00a0\u00a0\u00a0 FI\u0218\u0102 TEHNIC\u0102 PRODUS:<\/strong><\/p>\n<p><strong>\u00a0\u00a0\u00a0\u00a0\u00a0\u00a0\u00a0\u00a0\u00a0\u00a0\u00a0\u00a0\u00a0\u00a0\u00a0\u00a0\u00a0\u00a0\u00a0\u00a0\u00a0\u00a0\u00a0\u00a0\u00a0\u00a0\u00a0\u00a0\u00a0\u00a0\u00a0\u00a0\u00a0\u00a0\u00a0\u00a0\u00a0\u00a0\u00a0\u00a0\u00a0\u00a0\u00a0\u00a0\u00a0\u00a0\u00a0\u00a0\u00a0\u00a0\u00a0\u00a0\u00a0\u00a0\u00a0\u00a0 \u00a0\u00a0\u00a0\u00a0Scaun Tapi\u021bat Model Dubai<\/strong><\/p>\n<table width=\"652\">\n<tbody>\n<tr>\n<td><strong>Caracteristic\u0103<\/strong><\/td>\n<td><strong>Specifica\u021bie Tehnic\u0103<\/strong><\/td>\n<\/tr>\n<tr>\n<td><strong>Model Produs<\/strong><\/td>\n<td><span dir=\"auto\" style=\"vertical-align: inherit;\"><span dir=\"auto\" style=\"vertical-align: inherit;\"><span dir=\"auto\" style=\"vertical-align: inherit;\"><span dir=\"auto\" style=\"vertical-align: inherit;\">Dubai<\/span><\/span><\/span><\/span><\/td>\n<\/tr>\n<tr>\n<td><strong>Tip Produs<\/strong><\/td>\n<td>Scaun fix dining \/ living tapi\u021bat<\/td>\n<\/tr>\n<tr>\n<td><strong>Utilizare<\/strong><\/td>\n<td>Interior (reziden\u021bial sau commercial)<\/td>\n<\/tr>\n<tr>\n<td><strong>Structura Cadru<\/strong><\/td>\n<td><strong>Lemn masiv<\/strong>\u00a0(de fag\/pin\/acacia \/meranti)\u00a0<strong>combinat cu HPL<\/strong><\/td>\n<\/tr>\n<tr>\n<td><strong>Material Tapi\u021berie<\/strong><\/td>\n<td>Catifea (Velur) rezistent\u0103 la uzur\u0103 \/ Textil (diverse op\u021biuni de culoare)<\/td>\n<\/tr>\n<tr>\n<td><strong>Umplutur\u0103 \u0218ezut\/Sp\u0103tar<\/strong><\/td>\n<td>Spum\u0103 poliuretanic\u0103 de \u00eenalt\u0103 densitate (densitate aprox. 30 kg\/m\u00b3) pentru confort \u0219i durabilitate<\/td>\n<\/tr>\n<tr>\n<td><\/td>\n<td><\/td>\n<\/tr>\n<tr>\n<td><\/td>\n<td><\/td>\n<\/tr>\n<tr>\n<td><strong>Greutate Suportat\u0103<\/strong><\/td>\n<td><span dir=\"auto\" style=\"vertical-align: inherit;\"><span dir=\"auto\" style=\"vertical-align: inherit;\"><span dir=\"auto\" style=\"vertical-align: inherit;\"><span dir=\"auto\" style=\"vertical-align: inherit;\">Max. 90 &#8211; 110 kg<\/span><\/span><\/span><\/span><\/td>\n<\/tr>\n<tr>\n<td><strong>Asamblare<\/strong><\/td>\n<td>Produsul nu necesit\u0103 asamblare.<\/td>\n<\/tr>\n<\/tbody>\n<\/table>\n<p><strong>Dimensiuni (Orientative)<\/strong><\/p>\n<ul>\n<li><strong>\u00cen\u0103l\u021bime Total\u0103:<\/strong>\u00a0~75 cm<\/li>\n<li><strong>L\u0103\u021bime \u0218ezut:<\/strong>\u00a0~49 &#8211; 54 cm<\/li>\n<li><strong>Ad\u00e2ncime \u0218ezut:<\/strong>\u00a0~46 &#8211; 55 cm<\/li>\n<li><strong>\u00cen\u0103l\u021bime \u0218ezut (de la sol):<\/strong>\u00a0~48 &#8211; 51 cm<\/li>\n<li><strong>Greutate Produs:<\/strong>\u00a0~9-11 kg (net)<\/li>\n<\/ul>\n<p><strong>Caracteristici Speciale Materiale<\/strong><\/p>\n<ul>\n<li><strong>Design:<\/strong>\u00a0Sp\u0103tarul prezint\u0103, de regul\u0103, un model decorativ distinctiv de matlasare (cus\u0103turi delicate) care define\u0219te estetica modern\u0103 a modelului &#8222;Dubai&#8221;.<\/li>\n<li><strong>Maintenance:<\/strong>\u00a0Materialele (catifea\/textile ) sunt u\u0219or de cur\u0103\u021bat \u0219i de \u00eentre\u021binut.<\/li>\n<\/ul>\n<p>&nbsp;<\/p>","protected":false},"excerpt":{"rendered":"<p>Produs la comanda<\/p>","protected":false},"featured_media":1081,"template":"","meta":{"om_disable_all_campaigns":false,"_monsterinsights_skip_tracking":false,"_monsterinsights_sitenote_active":false,"_monsterinsights_sitenote_note":"","_monsterinsights_sitenote_category":0,"_uf_show_specific_survey":0,"_uf_disable_surveys":false,"site-sidebar-layout":"default","site-content-layout":"","ast-site-content-layout":"default","site-content-style":"default","site-sidebar-style":"default","ast-global-header-display":"","ast-banner-title-visibility":"","ast-main-header-display":"","ast-hfb-above-header-display":"","ast-hfb-below-header-display":"","ast-hfb-mobile-header-display":"","site-post-title":"","ast-breadcrumbs-content":"","ast-featured-img":"","footer-sml-layout":"","theme-transparent-header-meta":"default","adv-header-id-meta":"","stick-header-meta":"","header-above-stick-meta":"","header-main-stick-meta":"","header-below-stick-meta":"","astra-migrate-meta-layouts":"set","ast-page-background-enabled":"default","ast-page-background-meta":{"desktop":{"background-color":"var(--ast-global-color-4)","background-image":"","background-repeat":"repeat","background-position":"center center","background-size":"auto","background-attachment":"scroll","background-type":"","background-media":"","overlay-type":"","overlay-color":"","overlay-opacity":"","overlay-gradient":""},"tablet":{"background-color":"","background-image":"","background-repeat":"repeat","background-position":"center center","background-size":"auto","background-attachment":"scroll","background-type":"","background-media":"","overlay-type":"","overlay-color":"","overlay-opacity":"","overlay-gradient":""},"mobile":{"background-color":"","background-image":"","background-repeat":"repeat","background-position":"center center","background-size":"auto","background-attachment":"scroll","background-type":"","background-media":"","overlay-type":"","overlay-color":"","overlay-opacity":"","overlay-gradient":""}},"ast-content-background-meta":{"desktop":{"background-color":"var(--ast-global-color-5)","background-image":"","background-repeat":"repeat","background-position":"center center","background-size":"auto","background-attachment":"scroll","background-type":"","background-media":"","overlay-type":"","overlay-color":"","overlay-opacity":"","overlay-gradient":""},"tablet":{"background-color":"var(--ast-global-color-5)","background-image":"","background-repeat":"repeat","background-position":"center center","background-size":"auto","background-attachment":"scroll","background-type":"","background-media":"","overlay-type":"","overlay-color":"","overlay-opacity":"","overlay-gradient":""},"mobile":{"background-color":"var(--ast-global-color-5)","background-image":"","background-repeat":"repeat","background-position":"center center","background-size":"auto","background-attachment":"scroll","background-type":"","background-media":"","overlay-type":"","overlay-color":"","overlay-opacity":"","overlay-gradient":""}}},"product_cat":[40],"product_tag":[],"class_list":{"0":"post-1083","1":"product","2":"type-product","3":"status-publish","4":"has-post-thumbnail","6":"product_cat-scaun","7":"desktop-align-left","8":"tablet-align-left","9":"mobile-align-left","11":"first","12":"instock","13":"sale","14":"shipping-taxable","15":"purchasable","16":"product-type-simple"},"aioseo_notices":[],"_links":{"self":[{"href":"https:\/\/casello-wood.ro\/en\/wp-json\/wp\/v2\/product\/1083","targetHints":{"allow":["GET"]}}],"collection":[{"href":"https:\/\/casello-wood.ro\/en\/wp-json\/wp\/v2\/product"}],"about":[{"href":"https:\/\/casello-wood.ro\/en\/wp-json\/wp\/v2\/types\/product"}],"wp:featuredmedia":[{"embeddable":true,"href":"https:\/\/casello-wood.ro\/en\/wp-json\/wp\/v2\/media\/1081"}],"wp:attachment":[{"href":"https:\/\/casello-wood.ro\/en\/wp-json\/wp\/v2\/media?parent=1083"}],"wp:term":[{"taxonomy":"product_cat","embeddable":true,"href":"https:\/\/casello-wood.ro\/en\/wp-json\/wp\/v2\/product_cat?post=1083"},{"taxonomy":"product_tag","embeddable":true,"href":"https:\/\/casello-wood.ro\/en\/wp-json\/wp\/v2\/product_tag?post=1083"}],"curies":[{"name":"wp","href":"https:\/\/api.w.org\/{rel}","templated":true}]}}