{"id":1065,"date":"2025-11-02T13:40:19","date_gmt":"2025-11-02T13:40:19","guid":{"rendered":"https:\/\/casello-wood.ro\/?post_type=product&#038;p=1065"},"modified":"2025-11-03T08:34:19","modified_gmt":"2025-11-03T08:34:19","slug":"tetrapod-cw-010","status":"publish","type":"product","link":"https:\/\/casello-wood.ro\/en\/product\/tetrapod-cw-010\/","title":{"rendered":"Tetrapod CW 010"},"content":{"rendered":"<p>Specificatii tehnice.<\/p>\n<p><span class=\"T286Pc\" data-sfc-cp=\"\"><strong class=\"Yjhzub\">\u00a0 \u00a0 \u00a0 \u00a0 \u00a0 \u00a0Materials<\/strong>:<\/span><\/p>\n<ul class=\"KsbFXc U6u95\" data-processed=\"true\">\n<li style=\"list-style-type: none;\">\n<ul class=\"KsbFXc U6u95\">\n<li data-hveid=\"CAEIBhAB\" data-sae=\"\"><span class=\"T286Pc\" data-sfc-cp=\"\"><strong class=\"Yjhzub\">Lemn de baz\u0103<\/strong>: Stejar masiv, selec\u021bionat pentru durabilitate, rezisten\u021b\u0103 \u0219i aspectul s\u0103u estetic.<\/span><\/li>\n<li data-hveid=\"CAEIBhAC\" data-sae=\"\"><span class=\"T286Pc\" data-sfc-cp=\"\"><strong class=\"Yjhzub\">Finisaj<\/strong>: Lac poliuretanic sau lac pe baz\u0103 de ap\u0103 (natur, l\u0103cuit), aplicat pentru protec\u021bie \u00eempotriva uzurii \u0219i umidit\u0103\u021bii, \u0219i pentru a eviden\u021bia fibra natural\u0103 a lemnului. Nuan\u021ba poate fi ajustat\u0103 la cerere.<\/span><\/li>\n<\/ul>\n<\/li>\n<li data-hveid=\"CAEIBhAD\" data-sae=\"\"><span class=\"T286Pc\" data-sfc-cp=\"\"><strong class=\"Yjhzub\">Construc\u021bie \u0219i Tehnologie<\/strong>:<\/span>\n<ul class=\"KsbFXc U6u95\">\n<li data-hveid=\"CAEIBhAE\" data-sae=\"\"><span class=\"T286Pc\" data-sfc-cp=\"\"><strong class=\"Yjhzub\">Sculptur\u0103:<\/strong><\/span>\n<ul class=\"KsbFXc U6u95\" data-complete=\"true\">\n<li data-hveid=\"CAEICRAB\" data-sae=\"\" data-complete=\"true\"><span class=\"T286Pc\" data-sfc-cp=\"\" data-complete=\"true\"><strong class=\"Yjhzub\" data-complete=\"true\">Manual\u0103<\/strong>: Pentru a oferi unicitate \u0219i a respecta tradi\u021bia, unele elemente (cum ar fi detaliile complexe \u0219i simbolurile religioase) sunt realizate manual cu dalta.<\/span><\/li>\n<\/ul>\n<\/li>\n<li data-hveid=\"CAEICRAC\" data-sae=\"\" data-complete=\"true\"><span class=\"T286Pc\" data-sfc-cp=\"\" data-complete=\"true\"><strong class=\"Yjhzub\" data-complete=\"true\">CNC<\/strong>: Pentru o precizie geometric\u0103 ridicat\u0103 \u0219i o uniformitate perfect\u0103, alte elemente (de exemplu, motivele repetitive, ornamentele simetrice) sunt prelucrate pe ma\u0219ini de frezat computerizate.<\/span><\/li>\n<li data-hveid=\"CAEIBhAG\" data-sae=\"\">Avantaje Tehnologice (Prelucrare CNC)<\/li>\n<li data-hveid=\"CAEICBAA\" data-sae=\"\"><span class=\"T286Pc\" data-sfc-cp=\"\"><strong class=\"Yjhzub\">Precizie \u0219i Uniformitate<\/strong>: Ofer\u0103 o execu\u021bie perfect simetric\u0103 \u0219i detalii constante pe \u00eentreaga suprafa\u021b\u0103 a sculpturii.<\/span><\/li>\n<li data-hveid=\"CAEICBAB\" data-sae=\"\"><span class=\"T286Pc\" data-sfc-cp=\"\"><strong class=\"Yjhzub\">Eficien\u021b\u0103<\/strong>: Procesul CNC permite o produc\u021bie mai rapid\u0103 \u0219i costuri poten\u021bial mai reduse comparativ cu sculptura manual\u0103 complex\u0103.<\/span><\/li>\n<li data-hveid=\"CAEICBAC\" data-sae=\"\"><span class=\"T286Pc\" data-sfc-cp=\"\"><strong class=\"Yjhzub\">Personalizare Avansat\u0103<\/strong>: Designul poate fi modelat digital \u00een prealabil \u0219i ajustat cu u\u0219urin\u021b\u0103 \u00eenainte de produc\u021bie.<\/span><\/li>\n<li><span class=\"T286Pc\" data-sfc-cp=\"\"><strong class=\"Yjhzub\">Structur\u0103<\/strong>: \u00cembin\u0103ri precise, de tip cep \u0219i scobitur\u0103, facilitate de t\u0103ierea computerizat\u0103, pentru o rezisten\u021b\u0103 \u0219i stabilitate superioare.<\/span><\/li>\n<li data-hveid=\"CAEICBAC\" data-sae=\"\"><\/li>\n<\/ul>\n<\/li>\n<li data-hveid=\"CAEIBhAH\" data-sae=\"\"><span class=\"T286Pc\" data-sfc-cp=\"\"><strong class=\"Yjhzub\">size<\/strong>:<\/span>\n<ul class=\"KsbFXc U6u95\">\n<li data-hveid=\"CAEIBhAJ\" data-sae=\"\"><span class=\"T286Pc\" data-sfc-cp=\"\"><strong class=\"Yjhzub\">Exemplu<\/strong>: \u00cen\u0103l\u021bime total\u0103 de aprox. 120-180 cm; Baz\u0103 de aprox. 60 x 60 cm.<\/span><\/li>\n<\/ul>\n<\/li>\n<\/ul>","protected":false},"excerpt":{"rendered":"<p>Produs la comanda.<\/p>","protected":false},"featured_media":1073,"template":"","meta":{"om_disable_all_campaigns":false,"_monsterinsights_skip_tracking":false,"_monsterinsights_sitenote_active":false,"_monsterinsights_sitenote_note":"","_monsterinsights_sitenote_category":0,"_uf_show_specific_survey":0,"_uf_disable_surveys":false,"site-sidebar-layout":"default","site-content-layout":"","ast-site-content-layout":"default","site-content-style":"default","site-sidebar-style":"default","ast-global-header-display":"","ast-banner-title-visibility":"","ast-main-header-display":"","ast-hfb-above-header-display":"","ast-hfb-below-header-display":"","ast-hfb-mobile-header-display":"","site-post-title":"","ast-breadcrumbs-content":"","ast-featured-img":"","footer-sml-layout":"","theme-transparent-header-meta":"default","adv-header-id-meta":"","stick-header-meta":"","header-above-stick-meta":"","header-main-stick-meta":"","header-below-stick-meta":"","astra-migrate-meta-layouts":"set","ast-page-background-enabled":"default","ast-page-background-meta":{"desktop":{"background-color":"var(--ast-global-color-4)","background-image":"","background-repeat":"repeat","background-position":"center center","background-size":"auto","background-attachment":"scroll","background-type":"","background-media":"","overlay-type":"","overlay-color":"","overlay-opacity":"","overlay-gradient":""},"tablet":{"background-color":"","background-image":"","background-repeat":"repeat","background-position":"center center","background-size":"auto","background-attachment":"scroll","background-type":"","background-media":"","overlay-type":"","overlay-color":"","overlay-opacity":"","overlay-gradient":""},"mobile":{"background-color":"","background-image":"","background-repeat":"repeat","background-position":"center center","background-size":"auto","background-attachment":"scroll","background-type":"","background-media":"","overlay-type":"","overlay-color":"","overlay-opacity":"","overlay-gradient":""}},"ast-content-background-meta":{"desktop":{"background-color":"var(--ast-global-color-5)","background-image":"","background-repeat":"repeat","background-position":"center center","background-size":"auto","background-attachment":"scroll","background-type":"","background-media":"","overlay-type":"","overlay-color":"","overlay-opacity":"","overlay-gradient":""},"tablet":{"background-color":"var(--ast-global-color-5)","background-image":"","background-repeat":"repeat","background-position":"center center","background-size":"auto","background-attachment":"scroll","background-type":"","background-media":"","overlay-type":"","overlay-color":"","overlay-opacity":"","overlay-gradient":""},"mobile":{"background-color":"var(--ast-global-color-5)","background-image":"","background-repeat":"repeat","background-position":"center center","background-size":"auto","background-attachment":"scroll","background-type":"","background-media":"","overlay-type":"","overlay-color":"","overlay-opacity":"","overlay-gradient":""}}},"product_cat":[39],"product_tag":[],"class_list":{"0":"post-1065","1":"product","2":"type-product","3":"status-publish","4":"has-post-thumbnail","6":"product_cat-mobilier-bisericesc","7":"desktop-align-left","8":"tablet-align-left","9":"mobile-align-left","11":"first","12":"instock","13":"shipping-taxable","14":"product-type-simple"},"aioseo_notices":[],"_links":{"self":[{"href":"https:\/\/casello-wood.ro\/en\/wp-json\/wp\/v2\/product\/1065","targetHints":{"allow":["GET"]}}],"collection":[{"href":"https:\/\/casello-wood.ro\/en\/wp-json\/wp\/v2\/product"}],"about":[{"href":"https:\/\/casello-wood.ro\/en\/wp-json\/wp\/v2\/types\/product"}],"wp:featuredmedia":[{"embeddable":true,"href":"https:\/\/casello-wood.ro\/en\/wp-json\/wp\/v2\/media\/1073"}],"wp:attachment":[{"href":"https:\/\/casello-wood.ro\/en\/wp-json\/wp\/v2\/media?parent=1065"}],"wp:term":[{"taxonomy":"product_cat","embeddable":true,"href":"https:\/\/casello-wood.ro\/en\/wp-json\/wp\/v2\/product_cat?post=1065"},{"taxonomy":"product_tag","embeddable":true,"href":"https:\/\/casello-wood.ro\/en\/wp-json\/wp\/v2\/product_tag?post=1065"}],"curies":[{"name":"wp","href":"https:\/\/api.w.org\/{rel}","templated":true}]}}